{"id":7033,"date":"2025-06-02T09:33:55","date_gmt":"2025-06-02T09:33:55","guid":{"rendered":"https:\/\/demax.bg\/?page_id=7033"},"modified":"2025-06-02T09:47:54","modified_gmt":"2025-06-02T09:47:54","slug":"dogovor-za-bezvazmezdno-finansirane","status":"publish","type":"page","link":"https:\/\/demax.bg\/es\/dogovor-za-bezvazmezdno-finansirane\/","title":{"rendered":"Convenio de subvenci\u00f3n con arreglo al procedimiento BG-RRP-3.006"},"content":{"rendered":"<div data-elementor-type=\"wp-page\" data-elementor-id=\"7033\" class=\"elementor elementor-7033\" data-elementor-post-type=\"page\">\n\t\t\t\t\t\t<section class=\"elementor-section elementor-top-section elementor-element elementor-element-2a5bd1e4 elementor-section-boxed elementor-section-height-default elementor-section-height-default\" data-id=\"2a5bd1e4\" data-element_type=\"section\" data-e-type=\"section\">\n\t\t\t\t\t\t<div class=\"elementor-container elementor-column-gap-wider\">\n\t\t\t\t\t<div class=\"elementor-column elementor-col-100 elementor-top-column elementor-element elementor-element-3f45c113\" data-id=\"3f45c113\" data-element_type=\"column\" data-e-type=\"column\">\n\t\t\t<div class=\"elementor-widget-wrap elementor-element-populated\">\n\t\t\t\t\t\t<div class=\"elementor-element elementor-element-ac6608e elementor-widget elementor-widget-heading\" data-id=\"ac6608e\" data-element_type=\"widget\" data-e-type=\"widget\" data-widget_type=\"heading.default\">\n\t\t\t\t<div class=\"elementor-widget-container\">\n\t\t\t\t\t<h1 class=\"elementor-heading-title elementor-size-default\">Convenio de subvenci\u00f3n<\/h1>\t\t\t\t<\/div>\n\t\t\t\t<\/div>\n\t\t\t\t<div class=\"elementor-element elementor-element-b96d792 elementor-widget elementor-widget-spacer\" data-id=\"b96d792\" data-element_type=\"widget\" data-e-type=\"widget\" data-widget_type=\"spacer.default\">\n\t\t\t\t<div class=\"elementor-widget-container\">\n\t\t\t\t\t\t\t<div class=\"elementor-spacer\">\n\t\t\t<div class=\"elementor-spacer-inner\"><\/div>\n\t\t<\/div>\n\t\t\t\t\t\t<\/div>\n\t\t\t\t<\/div>\n\t\t\t\t<div class=\"elementor-element elementor-element-637be8b elementor-widget elementor-widget-text-editor\" data-id=\"637be8b\" data-element_type=\"widget\" data-e-type=\"widget\" data-widget_type=\"text-editor.default\">\n\t\t\t\t<div class=\"elementor-widget-container\">\n\t\t\t\t\t\t\t\t\tseg\u00fan el procedimiento BG-RRP-3.006<br> \"Construcci\u00f3n de nuevas FER para autoconsumo en combinaci\u00f3n con instalaciones locales de almacenamiento de energ\u00eda en las empresas\"\t\t\t\t\t\t\t\t<\/div>\n\t\t\t\t<\/div>\n\t\t\t\t\t<\/div>\n\t\t<\/div>\n\t\t\t\t\t<\/div>\n\t\t<\/section>\n\t\t\t\t<section class=\"elementor-section elementor-top-section elementor-element elementor-element-1c1c7f6 elementor-section-boxed elementor-section-height-default elementor-section-height-default\" data-id=\"1c1c7f6\" data-element_type=\"section\" data-e-type=\"section\">\n\t\t\t\t\t\t<div class=\"elementor-container elementor-column-gap-wider\">\n\t\t\t\t\t<div class=\"elementor-column elementor-col-100 elementor-top-column elementor-element elementor-element-67e9954\" data-id=\"67e9954\" data-element_type=\"column\" data-e-type=\"column\">\n\t\t\t<div class=\"elementor-widget-wrap elementor-element-populated\">\n\t\t\t\t\t\t<section class=\"elementor-section elementor-inner-section elementor-element elementor-element-adbdd1d elementor-section-boxed elementor-section-height-default elementor-section-height-default\" data-id=\"adbdd1d\" data-element_type=\"section\" data-e-type=\"section\">\n\t\t\t\t\t\t<div class=\"elementor-container elementor-column-gap-default\">\n\t\t\t\t\t<div class=\"elementor-column elementor-col-50 elementor-inner-column elementor-element elementor-element-f4c8c33\" data-id=\"f4c8c33\" data-element_type=\"column\" data-e-type=\"column\">\n\t\t\t<div class=\"elementor-widget-wrap elementor-element-populated\">\n\t\t\t\t\t\t<div class=\"elementor-element elementor-element-5926908 elementor-widget elementor-widget-image\" data-id=\"5926908\" data-element_type=\"widget\" data-e-type=\"widget\" data-widget_type=\"image.default\">\n\t\t\t\t<div class=\"elementor-widget-container\">\n\t\t\t\t\t\t\t\t\t\t\t\t\t\t\t<img fetchpriority=\"high\" decoding=\"async\" width=\"560\" height=\"150\" src=\"https:\/\/demax.bg\/wp-content\/uploads\/demax-eu-logo-021232.png\" class=\"attachment-large size-large wp-image-7034\" alt=\"Demax eu logo 021232\" srcset=\"https:\/\/demax.bg\/wp-content\/uploads\/demax-eu-logo-021232.png 560w, https:\/\/demax.bg\/wp-content\/uploads\/demax-eu-logo-021232-300x80.png 300w, https:\/\/demax.bg\/wp-content\/uploads\/demax-eu-logo-021232-18x5.png 18w\" sizes=\"(max-width: 560px) 100vw, 560px\" \/>\t\t\t\t\t\t\t\t\t\t\t\t\t\t\t<\/div>\n\t\t\t\t<\/div>\n\t\t\t\t\t<\/div>\n\t\t<\/div>\n\t\t\t\t<div class=\"elementor-column elementor-col-50 elementor-inner-column elementor-element elementor-element-68bba8d\" data-id=\"68bba8d\" data-element_type=\"column\" data-e-type=\"column\">\n\t\t\t<div class=\"elementor-widget-wrap elementor-element-populated\">\n\t\t\t\t\t\t<div class=\"elementor-element elementor-element-ec5b189 elementor-widget elementor-widget-image\" data-id=\"ec5b189\" data-element_type=\"widget\" data-e-type=\"widget\" data-widget_type=\"image.default\">\n\t\t\t\t<div class=\"elementor-widget-container\">\n\t\t\t\t\t\t\t\t\t\t\t\t\t\t\t<img decoding=\"async\" width=\"560\" height=\"150\" src=\"https:\/\/demax.bg\/wp-content\/uploads\/demax-eu-logo-021252.png\" class=\"attachment-large size-large wp-image-7035\" alt=\"Demax eu logo 021252\" srcset=\"https:\/\/demax.bg\/wp-content\/uploads\/demax-eu-logo-021252.png 560w, https:\/\/demax.bg\/wp-content\/uploads\/demax-eu-logo-021252-300x80.png 300w, https:\/\/demax.bg\/wp-content\/uploads\/demax-eu-logo-021252-18x5.png 18w\" sizes=\"(max-width: 560px) 100vw, 560px\" \/>\t\t\t\t\t\t\t\t\t\t\t\t\t\t\t<\/div>\n\t\t\t\t<\/div>\n\t\t\t\t\t<\/div>\n\t\t<\/div>\n\t\t\t\t\t<\/div>\n\t\t<\/section>\n\t\t\t\t<div class=\"elementor-element elementor-element-f75abb7 elementor-widget elementor-widget-spacer\" data-id=\"f75abb7\" data-element_type=\"widget\" data-e-type=\"widget\" data-widget_type=\"spacer.default\">\n\t\t\t\t<div class=\"elementor-widget-container\">\n\t\t\t\t\t\t\t<div class=\"elementor-spacer\">\n\t\t\t<div class=\"elementor-spacer-inner\"><\/div>\n\t\t<\/div>\n\t\t\t\t\t\t<\/div>\n\t\t\t\t<\/div>\n\t\t\t\t<div class=\"elementor-element elementor-element-7b3cfad2 elementor-widget elementor-widget-text-editor\" data-id=\"7b3cfad2\" data-element_type=\"widget\" data-e-type=\"widget\" data-widget_type=\"text-editor.default\">\n\t\t\t\t<div class=\"elementor-widget-container\">\n\t\t\t\t\t\t\t\t\t<p>El 10.11.2023 DEMAX AD firm\u00f3 un acuerdo de subvenci\u00f3n en el marco del procedimiento BG-RRP-3.006 \"Construcci\u00f3n de nuevas FER para consumo propio en combinaci\u00f3n con instalaciones locales de almacenamiento de energ\u00eda en empresas\", financiado en el marco del Plan Nacional de Recuperaci\u00f3n y Sostenibilidad a trav\u00e9s del Mecanismo de Recuperaci\u00f3n y Sostenibilidad.<br \/>El coste del proyecto asciende a 512 820 BGN, de los cuales 179 487 BGN son financiaci\u00f3n de la UE a trav\u00e9s del Ministerio de Educaci\u00f3n.<\/p><p><span style=\"letter-spacing: var(--the7-base-letter-spacing); text-transform: var(--the7-base-text-transform); word-spacing: normal; text-decoration: var(--the7-base-text-decoration);\">La fecha l\u00edmite para la finalizaci\u00f3n de las actividades del proyecto es el 10.05.2025.<\/span><\/p><p>Los momentos de crisis de altos precios de la energ\u00eda sin alternativa, llevaron a la incapacidad de planificar \u00f3ptimamente la actividad y la falta de flexibilidad en t\u00e9rminos de precios. La capacidad de producci\u00f3n se ampl\u00eda continuamente, al tiempo que se buscan formas de reducir el impacto en el coste del consumo de energ\u00eda para producir una unidad de producto. Las grandes fluctuaciones de los precios de la energ\u00eda en los \u00faltimos a\u00f1os han afectado negativamente a la planificaci\u00f3n y han tenido un impacto significativo en las decisiones sobre nuevas inversiones. Por eso, como parte de la estrategia de desarrollo, se a\u00f1adi\u00f3 el objetivo de lograr la m\u00e1xima independencia energ\u00e9tica.<\/p><p>Esto puede lograrse obteniendo energ\u00eda de fuentes renovables, una de las cuales es la planta fotovoltaica.<br \/>Para garantizar el m\u00e1ximo efecto, el sistema tambi\u00e9n debe tener la opci\u00f3n de almacenar la energ\u00eda producida y no utilizada en ese momento, lo que se conseguir\u00e1 mediante un complejo de bater\u00edas. El proyecto instalar\u00e1 una planta fotovoltaica de 194,4 kW y un sistema de almacenamiento (bater\u00eda) de 200 kW, que proporcionar\u00e1n una media de unos 50% de la electricidad que necesitamos.<\/p><p>Como resultado de la ejecuci\u00f3n del proyecto, podremos alcanzar una independencia energ\u00e9tica parcial, gracias a la cual reduciremos nuestro consumo de energ\u00eda de la red, lo que repercutir\u00e1 positivamente en nuestra competitividad y flexibilidad.<\/p><p>La inversi\u00f3n no tiene un impacto negativo en el medio ambiente y cumple los principios de no discriminaci\u00f3n.<\/p>\t\t\t\t\t\t\t\t<\/div>\n\t\t\t\t<\/div>\n\t\t\t\t<div class=\"elementor-element elementor-element-3898d84 elementor-widget elementor-widget-spacer\" data-id=\"3898d84\" data-element_type=\"widget\" data-e-type=\"widget\" data-widget_type=\"spacer.default\">\n\t\t\t\t<div class=\"elementor-widget-container\">\n\t\t\t\t\t\t\t<div class=\"elementor-spacer\">\n\t\t\t<div class=\"elementor-spacer-inner\"><\/div>\n\t\t<\/div>\n\t\t\t\t\t\t<\/div>\n\t\t\t\t<\/div>\n\t\t\t\t<div class=\"elementor-element elementor-element-b326646 elementor-widget elementor-widget-text-editor\" data-id=\"b326646\" data-element_type=\"widget\" data-e-type=\"widget\" data-widget_type=\"text-editor.default\">\n\t\t\t\t<div class=\"elementor-widget-container\">\n\t\t\t\t\t\t\t\t\t<h6>Esta publicaci\u00f3n ha sido elaborada con el apoyo financiero de la Uni\u00f3n Europea - NextGenerationEU. Toda la responsabilidad del contenido de este documento recae en DEMAX plc y bajo ninguna circunstancia se puede asumir que este documento refleja la posici\u00f3n oficial de la Uni\u00f3n Europea y de la CEI.<\/h6>\t\t\t\t\t\t\t\t<\/div>\n\t\t\t\t<\/div>\n\t\t\t\t\t<\/div>\n\t\t<\/div>\n\t\t\t\t\t<\/div>\n\t\t<\/section>\n\t\t\t\t<\/div>","protected":false},"excerpt":{"rendered":"<p>Contrato de subvenci\u00f3n en el marco del procedimiento BG-RRP-3.006 \"Construcci\u00f3n de nuevas FER para autoconsumo en combinaci\u00f3n con instalaciones locales de almacenamiento de energ\u00eda en las empresas\" El 10.11.2023 DEMAX AD celebr\u00f3 un contrato de subvenci\u00f3n en el marco del procedimiento BG-RRP-3.006 \"Construcci\u00f3n de nuevas FER para autoconsumo en combinaci\u00f3n con instalaciones locales de almacenamiento de energ\u00eda en las empresas\",...<\/p>","protected":false},"author":1,"featured_media":0,"parent":0,"menu_order":20,"comment_status":"closed","ping_status":"closed","template":"","meta":{"slim_seo":{"noindex":"1","title":"Convenio de subvenci\u00f3n en el marco del procedimiento BG-RRP-3.006 - Demax","description":"Contrato para la financiaci\u00f3n de subvenciones en el marco del procedimiento BG-RRP-3.006 \"Construcci\u00f3n de nuevas FER para consumo propio en combinaci\u00f3n con instalaciones locales de almacenamiento para la producci\u00f3n de fuentes de energ\u00eda renovables\"."},"footnotes":""},"class_list":["post-7033","page","type-page","status-publish","hentry"],"_links":{"self":[{"href":"https:\/\/demax.bg\/es\/wp-json\/wp\/v2\/pages\/7033","targetHints":{"allow":["GET"]}}],"collection":[{"href":"https:\/\/demax.bg\/es\/wp-json\/wp\/v2\/pages"}],"about":[{"href":"https:\/\/demax.bg\/es\/wp-json\/wp\/v2\/types\/page"}],"author":[{"embeddable":true,"href":"https:\/\/demax.bg\/es\/wp-json\/wp\/v2\/users\/1"}],"replies":[{"embeddable":true,"href":"https:\/\/demax.bg\/es\/wp-json\/wp\/v2\/comments?post=7033"}],"version-history":[{"count":4,"href":"https:\/\/demax.bg\/es\/wp-json\/wp\/v2\/pages\/7033\/revisions"}],"predecessor-version":[{"id":7039,"href":"https:\/\/demax.bg\/es\/wp-json\/wp\/v2\/pages\/7033\/revisions\/7039"}],"wp:attachment":[{"href":"https:\/\/demax.bg\/es\/wp-json\/wp\/v2\/media?parent=7033"}],"curies":[{"name":"wp","href":"https:\/\/api.w.org\/{rel}","templated":true}]}}