{"id":7033,"date":"2025-06-02T09:33:55","date_gmt":"2025-06-02T09:33:55","guid":{"rendered":"https:\/\/demax.bg\/?page_id=7033"},"modified":"2025-06-02T09:47:54","modified_gmt":"2025-06-02T09:47:54","slug":"dogovor-za-bezvazmezdno-finansirane","status":"publish","type":"page","link":"https:\/\/demax.bg\/de\/dogovor-za-bezvazmezdno-finansirane\/","title":{"rendered":"Finanzhilfevereinbarung im Verfahren BG-RRP-3.006"},"content":{"rendered":"<div data-elementor-type=\"wp-page\" data-elementor-id=\"7033\" class=\"elementor elementor-7033\" data-elementor-post-type=\"page\">\n\t\t\t\t\t\t<section class=\"elementor-section elementor-top-section elementor-element elementor-element-2a5bd1e4 elementor-section-boxed elementor-section-height-default elementor-section-height-default\" data-id=\"2a5bd1e4\" data-element_type=\"section\" data-e-type=\"section\">\n\t\t\t\t\t\t<div class=\"elementor-container elementor-column-gap-wider\">\n\t\t\t\t\t<div class=\"elementor-column elementor-col-100 elementor-top-column elementor-element elementor-element-3f45c113\" data-id=\"3f45c113\" data-element_type=\"column\" data-e-type=\"column\">\n\t\t\t<div class=\"elementor-widget-wrap elementor-element-populated\">\n\t\t\t\t\t\t<div class=\"elementor-element elementor-element-ac6608e elementor-widget elementor-widget-heading\" data-id=\"ac6608e\" data-element_type=\"widget\" data-e-type=\"widget\" data-widget_type=\"heading.default\">\n\t\t\t\t<div class=\"elementor-widget-container\">\n\t\t\t\t\t<h1 class=\"elementor-heading-title elementor-size-default\">Vereinbarung \u00fcber die Gew\u00e4hrung einer Finanzhilfe<\/h1>\t\t\t\t<\/div>\n\t\t\t\t<\/div>\n\t\t\t\t<div class=\"elementor-element elementor-element-b96d792 elementor-widget elementor-widget-spacer\" data-id=\"b96d792\" data-element_type=\"widget\" data-e-type=\"widget\" data-widget_type=\"spacer.default\">\n\t\t\t\t<div class=\"elementor-widget-container\">\n\t\t\t\t\t\t\t<div class=\"elementor-spacer\">\n\t\t\t<div class=\"elementor-spacer-inner\"><\/div>\n\t\t<\/div>\n\t\t\t\t\t\t<\/div>\n\t\t\t\t<\/div>\n\t\t\t\t<div class=\"elementor-element elementor-element-637be8b elementor-widget elementor-widget-text-editor\" data-id=\"637be8b\" data-element_type=\"widget\" data-e-type=\"widget\" data-widget_type=\"text-editor.default\">\n\t\t\t\t<div class=\"elementor-widget-container\">\n\t\t\t\t\t\t\t\t\tim Verfahren BG-RRP-3.006<br> \"Aufbau neuer erneuerbarer Energien f\u00fcr den Eigenverbrauch in Kombination mit lokalen Energiespeichern in Unternehmen\".\t\t\t\t\t\t\t\t<\/div>\n\t\t\t\t<\/div>\n\t\t\t\t\t<\/div>\n\t\t<\/div>\n\t\t\t\t\t<\/div>\n\t\t<\/section>\n\t\t\t\t<section class=\"elementor-section elementor-top-section elementor-element elementor-element-1c1c7f6 elementor-section-boxed elementor-section-height-default elementor-section-height-default\" data-id=\"1c1c7f6\" data-element_type=\"section\" data-e-type=\"section\">\n\t\t\t\t\t\t<div class=\"elementor-container elementor-column-gap-wider\">\n\t\t\t\t\t<div class=\"elementor-column elementor-col-100 elementor-top-column elementor-element elementor-element-67e9954\" data-id=\"67e9954\" data-element_type=\"column\" data-e-type=\"column\">\n\t\t\t<div class=\"elementor-widget-wrap elementor-element-populated\">\n\t\t\t\t\t\t<section class=\"elementor-section elementor-inner-section elementor-element elementor-element-adbdd1d elementor-section-boxed elementor-section-height-default elementor-section-height-default\" data-id=\"adbdd1d\" data-element_type=\"section\" data-e-type=\"section\">\n\t\t\t\t\t\t<div class=\"elementor-container elementor-column-gap-default\">\n\t\t\t\t\t<div class=\"elementor-column elementor-col-50 elementor-inner-column elementor-element elementor-element-f4c8c33\" data-id=\"f4c8c33\" data-element_type=\"column\" data-e-type=\"column\">\n\t\t\t<div class=\"elementor-widget-wrap elementor-element-populated\">\n\t\t\t\t\t\t<div class=\"elementor-element elementor-element-5926908 elementor-widget elementor-widget-image\" data-id=\"5926908\" data-element_type=\"widget\" data-e-type=\"widget\" data-widget_type=\"image.default\">\n\t\t\t\t<div class=\"elementor-widget-container\">\n\t\t\t\t\t\t\t\t\t\t\t\t\t\t\t<img fetchpriority=\"high\" decoding=\"async\" width=\"560\" height=\"150\" src=\"https:\/\/demax.bg\/wp-content\/uploads\/demax-eu-logo-021232.png\" class=\"attachment-large size-large wp-image-7034\" alt=\"Demax eu logo 021232\" srcset=\"https:\/\/demax.bg\/wp-content\/uploads\/demax-eu-logo-021232.png 560w, https:\/\/demax.bg\/wp-content\/uploads\/demax-eu-logo-021232-300x80.png 300w, https:\/\/demax.bg\/wp-content\/uploads\/demax-eu-logo-021232-18x5.png 18w\" sizes=\"(max-width: 560px) 100vw, 560px\" \/>\t\t\t\t\t\t\t\t\t\t\t\t\t\t\t<\/div>\n\t\t\t\t<\/div>\n\t\t\t\t\t<\/div>\n\t\t<\/div>\n\t\t\t\t<div class=\"elementor-column elementor-col-50 elementor-inner-column elementor-element elementor-element-68bba8d\" data-id=\"68bba8d\" data-element_type=\"column\" data-e-type=\"column\">\n\t\t\t<div class=\"elementor-widget-wrap elementor-element-populated\">\n\t\t\t\t\t\t<div class=\"elementor-element elementor-element-ec5b189 elementor-widget elementor-widget-image\" data-id=\"ec5b189\" data-element_type=\"widget\" data-e-type=\"widget\" data-widget_type=\"image.default\">\n\t\t\t\t<div class=\"elementor-widget-container\">\n\t\t\t\t\t\t\t\t\t\t\t\t\t\t\t<img decoding=\"async\" width=\"560\" height=\"150\" src=\"https:\/\/demax.bg\/wp-content\/uploads\/demax-eu-logo-021252.png\" class=\"attachment-large size-large wp-image-7035\" alt=\"Demax eu logo 021252\" srcset=\"https:\/\/demax.bg\/wp-content\/uploads\/demax-eu-logo-021252.png 560w, https:\/\/demax.bg\/wp-content\/uploads\/demax-eu-logo-021252-300x80.png 300w, https:\/\/demax.bg\/wp-content\/uploads\/demax-eu-logo-021252-18x5.png 18w\" sizes=\"(max-width: 560px) 100vw, 560px\" \/>\t\t\t\t\t\t\t\t\t\t\t\t\t\t\t<\/div>\n\t\t\t\t<\/div>\n\t\t\t\t\t<\/div>\n\t\t<\/div>\n\t\t\t\t\t<\/div>\n\t\t<\/section>\n\t\t\t\t<div class=\"elementor-element elementor-element-f75abb7 elementor-widget elementor-widget-spacer\" data-id=\"f75abb7\" data-element_type=\"widget\" data-e-type=\"widget\" data-widget_type=\"spacer.default\">\n\t\t\t\t<div class=\"elementor-widget-container\">\n\t\t\t\t\t\t\t<div class=\"elementor-spacer\">\n\t\t\t<div class=\"elementor-spacer-inner\"><\/div>\n\t\t<\/div>\n\t\t\t\t\t\t<\/div>\n\t\t\t\t<\/div>\n\t\t\t\t<div class=\"elementor-element elementor-element-7b3cfad2 elementor-widget elementor-widget-text-editor\" data-id=\"7b3cfad2\" data-element_type=\"widget\" data-e-type=\"widget\" data-widget_type=\"text-editor.default\">\n\t\t\t\t<div class=\"elementor-widget-container\">\n\t\t\t\t\t\t\t\t\t<p>Am 10.11.2023 unterzeichnete DEMAX AD eine Finanzhilfevereinbarung im Rahmen des Verfahrens BG-RRP-3.006 \"Bau neuer EE-Anlagen f\u00fcr den Eigenverbrauch in Kombination mit lokalen Energiespeichern in Unternehmen\", die im Rahmen des Nationalen Konjunkturprogramms \u00fcber den Konjunktur- und Nachhaltigkeitsmechanismus finanziert wird.<br \/>Die Kosten des Projekts belaufen sich auf 512 820 BGN, wovon 179 487 BGN aus EU-Mitteln \u00fcber das Ministerium f\u00fcr Wirtschaft und Arbeit stammen.<\/p><p><span style=\"letter-spacing: var(--the7-base-letter-spacing); text-transform: var(--the7-base-text-transform); word-spacing: normal; text-decoration: var(--the7-base-text-decoration);\">Die Frist f\u00fcr den Abschluss der Projektaktivit\u00e4ten ist der 10.05.2025.<\/span><\/p><p>Die Krisenmomente mit hohen Energiepreisen ohne Alternative haben dazu gef\u00fchrt, dass die T\u00e4tigkeit nicht optimal geplant werden konnte und es an Flexibilit\u00e4t bei der Preisgestaltung mangelte. Die Produktionskapazit\u00e4ten werden st\u00e4ndig erweitert, w\u00e4hrend wir gleichzeitig nach M\u00f6glichkeiten suchen, die Auswirkungen auf die Kosten des Energieverbrauchs zur Herstellung einer Produkteinheit zu verringern. Die starken Schwankungen der Energiepreise in den letzten Jahren haben sich negativ auf die Planung ausgewirkt und Entscheidungen \u00fcber neue Investitionen erheblich beeinflusst. Aus diesem Grund wurde im Rahmen der Entwicklungsstrategie das Ziel der gr\u00f6\u00dftm\u00f6glichen Energieunabh\u00e4ngigkeit hinzugef\u00fcgt.<\/p><p>Dies kann durch die Gewinnung von Energie aus erneuerbaren Quellen erreicht werden, zu denen auch die Fotovoltaikanlage geh\u00f6rt.<br \/>Um eine maximale Wirkung zu erzielen, muss das System auch die M\u00f6glichkeit haben, die erzeugte und nicht verbrauchte Energie zu speichern, was durch einen Batteriekomplex gew\u00e4hrleistet werden soll. Im Rahmen des Projekts werden eine 194,4-kW-Photovoltaikanlage und ein 200-kW-Speichersystem (Batterie) installiert, die im Durchschnitt etwa 50% des von uns ben\u00f6tigten Stroms liefern werden.<\/p><p>Durch das Projekt werden wir in der Lage sein, eine teilweise Energieunabh\u00e4ngigkeit zu erreichen, wodurch wir unseren Energieverbrauch aus dem Netz reduzieren werden, was sich positiv auf unsere Wettbewerbsf\u00e4higkeit und Flexibilit\u00e4t auswirken wird.<\/p><p>Die Investition hat keine negativen Auswirkungen auf die Umwelt und steht im Einklang mit dem Grundsatz der Nichtbeeintr\u00e4chtigung.<\/p>\t\t\t\t\t\t\t\t<\/div>\n\t\t\t\t<\/div>\n\t\t\t\t<div class=\"elementor-element elementor-element-3898d84 elementor-widget elementor-widget-spacer\" data-id=\"3898d84\" data-element_type=\"widget\" data-e-type=\"widget\" data-widget_type=\"spacer.default\">\n\t\t\t\t<div class=\"elementor-widget-container\">\n\t\t\t\t\t\t\t<div class=\"elementor-spacer\">\n\t\t\t<div class=\"elementor-spacer-inner\"><\/div>\n\t\t<\/div>\n\t\t\t\t\t\t<\/div>\n\t\t\t\t<\/div>\n\t\t\t\t<div class=\"elementor-element elementor-element-b326646 elementor-widget elementor-widget-text-editor\" data-id=\"b326646\" data-element_type=\"widget\" data-e-type=\"widget\" data-widget_type=\"text-editor.default\">\n\t\t\t\t<div class=\"elementor-widget-container\">\n\t\t\t\t\t\t\t\t\t<h6>Diese Ver\u00f6ffentlichung wurde mit finanzieller Unterst\u00fctzung der Europ\u00e4ischen Union - NextGenerationEU - erstellt. Die gesamte Verantwortung f\u00fcr den Inhalt dieses Dokuments liegt bei DEMAX plc und es kann unter keinen Umst\u00e4nden davon ausgegangen werden, dass dieses Dokument den offiziellen Standpunkt der Europ\u00e4ischen Union und der GUS wiedergibt.<\/h6>\t\t\t\t\t\t\t\t<\/div>\n\t\t\t\t<\/div>\n\t\t\t\t\t<\/div>\n\t\t<\/div>\n\t\t\t\t\t<\/div>\n\t\t<\/section>\n\t\t\t\t<\/div>","protected":false},"excerpt":{"rendered":"<p>Vertrag \u00fcber die Gew\u00e4hrung eines Zuschusses im Rahmen des Verfahrens BG-RRP-3.006 \"Bau neuer EE-Anlagen f\u00fcr den Eigenverbrauch in Kombination mit lokalen Energiespeichern in Unternehmen\" Am 10.11.2023 schloss DEMAX AD einen Vertrag \u00fcber die Gew\u00e4hrung eines Zuschusses im Rahmen des Verfahrens BG-RRP-3.006 \"Bau neuer EE-Anlagen f\u00fcr den Eigenverbrauch in Kombination mit lokalen Energiespeichern in Unternehmen\",...<\/p>","protected":false},"author":1,"featured_media":0,"parent":0,"menu_order":20,"comment_status":"closed","ping_status":"closed","template":"","meta":{"slim_seo":{"noindex":"1","title":"Finanzhilfevereinbarung im Rahmen des Verfahrens BG-RRP-3.006 - Demax","description":"Vertrag \u00fcber die Gew\u00e4hrung eines Zuschusses im Rahmen des Verfahrens BG-RRP-3.006 \"Bau neuer EE-Anlagen f\u00fcr den Eigenverbrauch in Kombination mit lokalen Speichern f\u00fcr die Erzeugung erneuerbarer Energiequellen\"."},"footnotes":""},"class_list":["post-7033","page","type-page","status-publish","hentry"],"_links":{"self":[{"href":"https:\/\/demax.bg\/de\/wp-json\/wp\/v2\/pages\/7033","targetHints":{"allow":["GET"]}}],"collection":[{"href":"https:\/\/demax.bg\/de\/wp-json\/wp\/v2\/pages"}],"about":[{"href":"https:\/\/demax.bg\/de\/wp-json\/wp\/v2\/types\/page"}],"author":[{"embeddable":true,"href":"https:\/\/demax.bg\/de\/wp-json\/wp\/v2\/users\/1"}],"replies":[{"embeddable":true,"href":"https:\/\/demax.bg\/de\/wp-json\/wp\/v2\/comments?post=7033"}],"version-history":[{"count":4,"href":"https:\/\/demax.bg\/de\/wp-json\/wp\/v2\/pages\/7033\/revisions"}],"predecessor-version":[{"id":7039,"href":"https:\/\/demax.bg\/de\/wp-json\/wp\/v2\/pages\/7033\/revisions\/7039"}],"wp:attachment":[{"href":"https:\/\/demax.bg\/de\/wp-json\/wp\/v2\/media?parent=7033"}],"curies":[{"name":"wp","href":"https:\/\/api.w.org\/{rel}","templated":true}]}}